{"id":19,"date":"2022-04-16T11:52:02","date_gmt":"2022-04-16T11:52:02","guid":{"rendered":"https:\/\/brymkon.com\/?page_id=19"},"modified":"2022-04-24T10:45:21","modified_gmt":"2022-04-24T08:45:21","slug":"mesmerize","status":"publish","type":"page","link":"https:\/\/brymkon.com\/","title":{"rendered":"Front Page"},"content":{"rendered":"<div  id=\"who-are-we\" style=\"background-color: rgb(255, 255, 255); background-image: none;\" data-label=\"Who Are We\" data-id=\"team-5-mc\" data-export-id=\"team-5-mc\" data-category=\"team\" class=\"team-5-mc content-section content-section-spacing full-screen-section\"><div  class=\"\"> <div  class=\"row text-center\"><div  class=\"section-title-col\" data-type=\"column\">  <h2  class=\"\">WHO ARE WE?<\/h2> <\/div> <\/div> <div  class=\"row spaced-cols content-center-sm center-sm\" data-type=\"row\"> <div  class=\"col-xs-12 col-sm-6 col-md-3 col-padding\"> <div  class=\"row \"> <div  data-type=\"column\" class=\"col-xs-12 col-sm-12\"> <img decoding=\"async\"  class=\"round face\" src=\"https:\/\/brymkon.com\/wp-content\/uploads\/2022\/04\/cropped-Wojciech_Brymerski.jpg\" title=\"cropped-Wojciech_Brymerski.jpg\" alt=\"\"> <h4  class=\"font-500\">Wojciech Brymerski<\/h4> <p  class=\"italic\">CTO<\/p><p  class=\"\">I am passionate engineer with more than 18 years of professional experience in the field of technology and part development with plastic and composite materials. Since 2012, I have been working as subject specialist in lightweight competence center at Audi in Neckarsulm\/Germany and as technical consultant within the VW Group and world-wide.<\/p>  <div  class=\"social-icons-group\" data-type=\"group\"> <a href=\"#\" target=\"_self\" data-reiki-hidden=\"true\" rel=\"noopener\"><i  class=\"gray fa icon fa-facebook-square\"><\/i><\/a> <a href=\"#\" target=\"_self\" data-reiki-hidden=\"true\" rel=\"noopener\"><i  class=\"gray fa icon fa-twitter-square\"><\/i><\/a> <a href=\"https:\/\/linkedin.com\/in\/wojciech-brymerski-8b99a211b\" target=\"_self\" rel=\"noopener\" class=\"\"><i  class=\"gray fa icon fa-linkedin-square\"><\/i><\/a> <a href=\"#\" target=\"_self\" data-reiki-hidden=\"true\" rel=\"noopener\"><i  class=\"gray fa icon fa-google-plus-square\"><\/i><\/a><\/div> <\/div><\/div> <\/div>  <div  class=\"col-xs-12 col-sm-6 col-md-3 col-padding\"> <div  class=\"row \"> <div  data-type=\"column\" class=\"col-xs-12 col-sm-12\"> <img decoding=\"async\"  class=\"round face\" src=\"https:\/\/brymkon.com\/wp-content\/uploads\/2022\/04\/cropped-cropped-PKonrad.jpg\" title=\"cropped-cropped-PKonrad.jpg\" alt=\"\"> <h4  class=\"font-500\">Peter Konrad<\/h4> <p  class=\"italic\">CEO<\/p> <p  class=\"\">I am a composite specialist with more than 20 years of experience in developing and building sportscars (F1, DTM and LMP1). In 2017, I founded PM Composite Technology in Nysa\/Poland which turned into Konrad Composite Technology in 2021, a company specialized in design and production of carbon fiber reinforced components.<\/p> <div  class=\"social-icons-group\" data-type=\"group\"> <a href=\"#\" target=\"_self\" data-reiki-hidden=\"true\" rel=\"noopener\"><i  class=\"gray fa icon fa-facebook-square\"><\/i><\/a> <a href=\"#\" target=\"_self\" data-reiki-hidden=\"true\" rel=\"noopener\"><i  class=\"gray fa icon fa-twitter-square\"><\/i><\/a> <a href=\"https:\/\/linkedin.com\/in\/peter-konrad-711908a0\" target=\"_self\" rel=\"noopener\" class=\"\"><i  class=\"gray fa icon fa-linkedin-square\"><\/i><\/a> <a href=\"#\" target=\"_self\" data-reiki-hidden=\"true\" rel=\"noopener\"><i  class=\"gray fa icon fa-google-plus-square\"><\/i><\/a><\/div> <\/div><\/div> <\/div> <\/div> <\/div><\/div><div  data-label=\"Our Strategy\" data-id=\"features--1\" data-export-id=\"features-16\" data-category=\"features\" class=\"features-16 content-section content-section-spacing\" id=\"our-strategy\" style=\"background-color: rgb(255, 255, 255); background-image: none;\"><div  class=\"gridContainer\"> <div  class=\"row text-center\"><div  class=\"section-title-col\" data-type=\"column\"> <h2  class=\"\">OUR STRATEGY<\/h2> <\/div> <\/div> <div  class=\"row spaced-cols\" data-type=\"row\"> <div  class=\"col-xs-12 col-sm-6 col-md-4 space-bottom\"> <img decoding=\"async\"  class=\"face\" src=\"https:\/\/brymkon.com\/wp-content\/uploads\/2022\/04\/cropped-cropped-cropped-IMG_9552-scaled-1.jpg\" title=\"cropped-cropped-cropped-IMG_9552-scaled-1.jpg\" alt=\"\"> <div  data-type=\"column\" class=\"col-padding-small col-padding-small-xs description-container\"> <h4  class=\"font-500\">1. A LEADING DISTRIBUTION CHANNEL FOR COMPOSITE<br >MATERIALS<\/h4> <p  class=\"\">We are focused on distribution of composite materials based on carbon, glass and natural fibers from top producers worldwide.<\/p> <\/div> <\/div> <div  class=\"col-xs-12 col-sm-6 col-md-4 space-bottom\"> <img decoding=\"async\"  class=\"face\" src=\"https:\/\/brymkon.com\/wp-content\/uploads\/2022\/04\/cropped-cropped-cropped-Prototype-One.png\" title=\"cropped-cropped-cropped-Prototype-One.png\" alt=\"\"> <div  data-type=\"column\" class=\"col-padding-small col-padding-small-xs description-container\"> <h4  class=\"font-500\">2. DEVELOP &amp; BUILD HIGH PERFORMANCE PRODUCTS<\/h4> <p  class=\"\">We develop and build affordable ultralightweight \u2018non-automotive\u2019 design products.\n<br ><br >Our personal claim is to develop a new premium brand, associated with highest level of quality and unique design.<\/p> <\/div> <\/div> <div  class=\"col-xs-12 col-sm-6 col-md-4 space-bottom\"> <a data-cp-link=\"1\" href=\"#\" target=\"_self\" rel=\"noopener\"><img decoding=\"async\"  class=\"face\" src=\"https:\/\/brymkon.com\/wp-content\/uploads\/2022\/04\/cropped-cropped-cropped-cropped-a78d4fed-4437-41a7-996d-826b4fe39077.jpg\" title=\"cropped-a78d4fed-4437-41a7-996d-826b4fe39077.jpg\" alt=\"\"><\/a> <div  data-type=\"column\" class=\"col-padding-small col-padding-small-xs description-container\"> <h4  class=\"font-500\">3. OFFER AN UNIQUE SERVICE<\/h4> <p  class=\"\">Beside our products we offer unique service carried on three pillars:<br ><br >DESIGN:<br >We attach high importance to customer requirements, filling the gap of unique ultralightweight &amp; premium product made in composite materials.<br ><br >ENGINEERING:<br >We dedicate our long-time engineering experience to composite materials and technologies, focusing on design and functionality of the product.<br ><br >QUALITY:<br >We set value on delivering products with the best performance to cost ratio including highest quality aspect.<\/p> <\/div> <\/div><\/div> <\/div><\/div><div  data-label=\"Contact\" data-id=\"about--1\" data-export-id=\"about-4\" data-category=\"about\" class=\"about-4 content-section content-section-spacing full-screen-section\" id=\"contact\" style=\"background-color: rgb(255, 255, 255); background-image: none;\"><div  class=\"\"> <div  class=\"row middle-sm text-center\"><div  class=\"col-sm-5 space-bottom-xs\" data-type=\"column\">  <h2  class=\"\">CONTACT<\/h2> <p  class=\"\">BRYMKON SP. Z O. O.<br >Marii Merkert 1\/6, 48-300 Nysa, Poland\n<br ><br >NIP:&nbsp;7532463276\n<br >REGON:&nbsp;521038025\n<br >KRS:&nbsp;0000948079\n<br ><br >Kapita\u0142 zak\u0142adowy:&nbsp;50 000,00 Z\u0141<br ><br ><br >www.brymkon.com<br >info@brymkon.com\n\n<\/p> <a class=\"link\" href=\"https:\/\/brymkon.com?page_id=179\" target=\"_blank\" data-cp-link=\"1\" rel=\"noopener\">Privacy Policy<\/a><\/div> <div  class=\"col-sm-7 flexbox center-xs middle-xs image-group-2-img\"> <img decoding=\"async\"  class=\"img-1 shadow-large\" data-size=\"250x200\" src=\"https:\/\/brymkon.com\/wp-content\/uploads\/2022\/04\/cropped-iStock-1294668147-1-scaled-1.jpg\" title=\"cropped-iStock-1294668147-1-scaled-1.jpg\" alt=\"\"> <img decoding=\"async\"  class=\"img-2 shadow-large\" data-size=\"220x170\" src=\"https:\/\/brymkon.com\/wp-content\/plugins\/mesmerize-companion\/theme-data\/mesmerize\/sections\/images\/computer-2569652.jpg\"><\/div> <\/div><\/div> <\/div>","protected":false},"excerpt":{"rendered":"<p>WHO ARE WE? Wojciech Brymerski CTOI am passionate engineer with more than 18 years of professional experience in the field of technology and part development with plastic and composite materials. Since 2012, I have been working as subject specialist in lightweight competence center at Audi in Neckarsulm\/Germany and as technical consultant within the VW Group&hellip; <br \/> <a class=\"read-more\" href=\"https:\/\/brymkon.com\/\">Read more<\/a><\/p>\n","protected":false},"author":1,"featured_media":0,"parent":0,"menu_order":0,"comment_status":"closed","ping_status":"closed","template":"page-templates\/homepage.php","meta":{"footnotes":""},"class_list":["post-19","page","type-page","status-publish","hentry"],"_links":{"self":[{"href":"https:\/\/brymkon.com\/index.php?rest_route=\/wp\/v2\/pages\/19","targetHints":{"allow":["GET"]}}],"collection":[{"href":"https:\/\/brymkon.com\/index.php?rest_route=\/wp\/v2\/pages"}],"about":[{"href":"https:\/\/brymkon.com\/index.php?rest_route=\/wp\/v2\/types\/page"}],"author":[{"embeddable":true,"href":"https:\/\/brymkon.com\/index.php?rest_route=\/wp\/v2\/users\/1"}],"replies":[{"embeddable":true,"href":"https:\/\/brymkon.com\/index.php?rest_route=%2Fwp%2Fv2%2Fcomments&post=19"}],"version-history":[{"count":39,"href":"https:\/\/brymkon.com\/index.php?rest_route=\/wp\/v2\/pages\/19\/revisions"}],"predecessor-version":[{"id":230,"href":"https:\/\/brymkon.com\/index.php?rest_route=\/wp\/v2\/pages\/19\/revisions\/230"}],"wp:attachment":[{"href":"https:\/\/brymkon.com\/index.php?rest_route=%2Fwp%2Fv2%2Fmedia&parent=19"}],"curies":[{"name":"wp","href":"https:\/\/api.w.org\/{rel}","templated":true}]}}